{"id":762,"date":"2025-10-20T15:17:50","date_gmt":"2025-10-20T15:17:50","guid":{"rendered":"https:\/\/getumemes.ch\/?post_type=product&#038;p=762"},"modified":"2026-02-14T13:16:01","modified_gmt":"2026-02-14T12:16:01","slug":"turnseckli","status":"publish","type":"product","link":"https:\/\/getumemes.ch\/fr\/product\/turnseckli\/","title":{"rendered":"Turnseckli"},"content":{"rendered":"<p><strong>Beschreibung<\/strong><\/p>\n<ul>\n<li>Robustes und Hochwertiges Turnseckli<\/li>\n<li>Verst\u00e4rkte Kordeltunnel<\/li>\n<li>Dicke Kordel mit geknoteten Enden<\/li>\n<li>Verst\u00e4rkte Ecken<\/li>\n<\/ul>\n<p><strong>Aufdruck<\/strong><\/p>\n<ul>\n<li>Hochwertiger DTF Aufdruck<\/li>\n<li>Mit Finger kaum sp\u00fcrbar<\/li>\n<\/ul>\n<p><strong>Material &amp;\u00a0Pflege<\/strong><\/p>\n<ul>\n<li>80% recycelte Baumwolle<\/li>\n<li>20% recyceltes Polyester<\/li>\n<li>Mit \u00e4hnlichen Farben waschen<\/li>\n<li>Aufdruck nicht b\u00fcgeln<\/li>\n<li>Beim Waschen Gym Bag umkehren<\/li>\n<\/ul>","protected":false},"excerpt":{"rendered":"<p>Beschreibung Robustes und Hochwertiges Turnseckli Verst\u00e4rkte Kordeltunnel Dicke Kordel mit geknoteten Enden Verst\u00e4rkte Ecken Aufdruck Hochwertiger DTF Aufdruck Mit Finger kaum sp\u00fcrbar Material &amp;\u00a0Pflege 80% recycelte Baumwolle 20% recyceltes Polyester [&hellip;]<\/p>\n","protected":false},"featured_media":689,"comment_status":"open","ping_status":"closed","template":"","meta":{"_uag_custom_page_level_css":"","site-sidebar-layout":"default","site-content-layout":"","ast-site-content-layout":"default","site-content-style":"default","site-sidebar-style":"default","ast-global-header-display":"","ast-banner-title-visibility":"","ast-main-header-display":"","ast-hfb-above-header-display":"","ast-hfb-below-header-display":"","ast-hfb-mobile-header-display":"","site-post-title":"","ast-breadcrumbs-content":"","ast-featured-img":"","footer-sml-layout":"","theme-transparent-header-meta":"default","adv-header-id-meta":"","stick-header-meta":"","header-above-stick-meta":"","header-main-stick-meta":"","header-below-stick-meta":"","astra-migrate-meta-layouts":"set","ast-page-background-enabled":"default","ast-page-background-meta":{"desktop":{"background-color":"var(--ast-global-color-4)","background-image":"","background-repeat":"repeat","background-position":"center center","background-size":"auto","background-attachment":"scroll","background-type":"","background-media":"","overlay-type":"","overlay-color":"","overlay-opacity":"","overlay-gradient":""},"tablet":{"background-color":"","background-image":"","background-repeat":"repeat","background-position":"center center","background-size":"auto","background-attachment":"scroll","background-type":"","background-media":"","overlay-type":"","overlay-color":"","overlay-opacity":"","overlay-gradient":""},"mobile":{"background-color":"","background-image":"","background-repeat":"repeat","background-position":"center center","background-size":"auto","background-attachment":"scroll","background-type":"","background-media":"","overlay-type":"","overlay-color":"","overlay-opacity":"","overlay-gradient":""}},"ast-content-background-meta":{"desktop":{"background-color":"var(--ast-global-color-5)","background-image":"","background-repeat":"repeat","background-position":"center center","background-size":"auto","background-attachment":"scroll","background-type":"","background-media":"","overlay-type":"","overlay-color":"","overlay-opacity":"","overlay-gradient":""},"tablet":{"background-color":"var(--ast-global-color-5)","background-image":"","background-repeat":"repeat","background-position":"center center","background-size":"auto","background-attachment":"scroll","background-type":"","background-media":"","overlay-type":"","overlay-color":"","overlay-opacity":"","overlay-gradient":""},"mobile":{"background-color":"var(--ast-global-color-5)","background-image":"","background-repeat":"repeat","background-position":"center center","background-size":"auto","background-attachment":"scroll","background-type":"","background-media":"","overlay-type":"","overlay-color":"","overlay-opacity":"","overlay-gradient":""}}},"product_brand":[],"product_cat":[50],"product_tag":[],"class_list":{"0":"post-762","1":"product","2":"type-product","3":"status-publish","4":"has-post-thumbnail","6":"product_cat-gnmsg","7":"product_shipping_class-leicht","8":"desktop-align-center","9":"tablet-align-center","10":"mobile-align-center","12":"first","13":"instock","14":"sale","15":"taxable","16":"shipping-taxable","17":"purchasable","18":"product-type-variable"},"aioseo_notices":[],"uagb_featured_image_src":{"full":["https:\/\/getumemes.ch\/wp-content\/uploads\/2025\/10\/bag_grad_de-scaled.png",2048,2560,false],"thumbnail":["https:\/\/getumemes.ch\/wp-content\/uploads\/2025\/10\/bag_grad_de-150x150.png",150,150,true],"medium":["https:\/\/getumemes.ch\/wp-content\/uploads\/2025\/10\/bag_grad_de-240x300.png",240,300,true],"medium_large":["https:\/\/getumemes.ch\/wp-content\/uploads\/2025\/10\/bag_grad_de-768x960.png",768,960,true],"large":["https:\/\/getumemes.ch\/wp-content\/uploads\/2025\/10\/bag_grad_de-819x1024.png",819,1024,true],"1536x1536":["https:\/\/getumemes.ch\/wp-content\/uploads\/2025\/10\/bag_grad_de-1229x1536.png",1229,1536,true],"2048x2048":["https:\/\/getumemes.ch\/wp-content\/uploads\/2025\/10\/bag_grad_de-1639x2048.png",1639,2048,true],"trp-custom-language-flag":["https:\/\/getumemes.ch\/wp-content\/uploads\/2025\/10\/bag_grad_de-scaled.png",10,12,false],"woocommerce_thumbnail":["https:\/\/getumemes.ch\/wp-content\/uploads\/2025\/10\/bag_grad_de-300x300.png",300,300,true],"woocommerce_single":["https:\/\/getumemes.ch\/wp-content\/uploads\/2025\/10\/bag_grad_de-600x750.png",600,750,true],"woocommerce_gallery_thumbnail":["https:\/\/getumemes.ch\/wp-content\/uploads\/2025\/10\/bag_grad_de-100x100.png",100,100,true]},"uagb_author_info":{"display_name":"Jannis Sch\u00fcpbach","author_link":"https:\/\/getumemes.ch\/fr\/author\/"},"uagb_comment_info":0,"uagb_excerpt":"Beschreibung Robustes und Hochwertiges Turnseckli Verst\u00e4rkte Kordeltunnel Dicke Kordel mit geknoteten Enden Verst\u00e4rkte Ecken Aufdruck Hochwertiger DTF Aufdruck Mit Finger kaum sp\u00fcrbar Material &amp;\u00a0Pflege 80% recycelte Baumwolle 20% recyceltes Polyester [&hellip;]","_links":{"self":[{"href":"https:\/\/getumemes.ch\/fr\/wp-json\/wp\/v2\/product\/762","targetHints":{"allow":["GET"]}}],"collection":[{"href":"https:\/\/getumemes.ch\/fr\/wp-json\/wp\/v2\/product"}],"about":[{"href":"https:\/\/getumemes.ch\/fr\/wp-json\/wp\/v2\/types\/product"}],"replies":[{"embeddable":true,"href":"https:\/\/getumemes.ch\/fr\/wp-json\/wp\/v2\/comments?post=762"}],"wp:featuredmedia":[{"embeddable":true,"href":"https:\/\/getumemes.ch\/fr\/wp-json\/wp\/v2\/media\/689"}],"wp:attachment":[{"href":"https:\/\/getumemes.ch\/fr\/wp-json\/wp\/v2\/media?parent=762"}],"wp:term":[{"taxonomy":"product_brand","embeddable":true,"href":"https:\/\/getumemes.ch\/fr\/wp-json\/wp\/v2\/product_brand?post=762"},{"taxonomy":"product_cat","embeddable":true,"href":"https:\/\/getumemes.ch\/fr\/wp-json\/wp\/v2\/product_cat?post=762"},{"taxonomy":"product_tag","embeddable":true,"href":"https:\/\/getumemes.ch\/fr\/wp-json\/wp\/v2\/product_tag?post=762"}],"curies":[{"name":"wp","href":"https:\/\/api.w.org\/{rel}","templated":true}]}}