{"id":1329,"date":"2025-12-24T12:00:37","date_gmt":"2025-12-24T11:00:37","guid":{"rendered":"https:\/\/getumemes.ch\/?post_type=product&#038;p=1329"},"modified":"2026-03-09T16:06:08","modified_gmt":"2026-03-09T15:06:08","slug":"structured-training-pullover","status":"publish","type":"product","link":"https:\/\/getumemes.ch\/fr\/product\/structured-training-pullover\/","title":{"rendered":"Structured Training &#8211; Pullover"},"content":{"rendered":"<p>Que ce soit pour l\u2019\u00e9chauffement, le trajet aller ou retour de l\u2019entra\u00eenement, ou simplement pour le quotidien \u2013 le Gymnastics Club Hoodie s\u2019adapte \u00e0 toutes les situations.<br \/>\nLe m\u00e9lange de coton biologique et de polyester recycl\u00e9 assure un confort optimal, une chaleur agr\u00e9able et une excellente tenue dans le temps.<br \/>\nLa s\u00e9rigraphie suisse r\u00e9alis\u00e9e \u00e0 Berne conf\u00e8re \u00e0 chaque pi\u00e8ce une qualit\u00e9 haut de gamme et durable.<br \/>\nUn hoodie qui ne tient pas seulement chaud, mais qui affiche aussi une vraie attitude.<\/p>\n<p><strong>Mati\u00e8re<\/strong><\/p>\n<ul>\n<li>\u206085 % coton biologique, 15 % polyester recycl\u00e9<\/li>\n<li>\u2060Int\u00e9rieur en fleece bross\u00e9 pour un confort doux<\/li>\n<li>\u2060Capuche doubl\u00e9e dans le m\u00eame tissu principal<\/li>\n<li>Coutures doubles pour une meilleure stabilit\u00e9 de forme<\/li>\n<\/ul>\n<p><strong>Instructions d\u2019entretien<\/strong><\/p>\n<ul>\n<li>Lavable \u00e0 30 \u00b0C<\/li>\n<li>\u2060Ne pas blanchir<\/li>\n<li>\u2060Ne pas s\u00e9cher en machine<\/li>\n<li>\u2060Pas de nettoyage \u00e0 sec<\/li>\n<li>Nous recommandons de laver sur l\u2019envers<\/li>\n<\/ul>","protected":false},"excerpt":{"rendered":"<p>Ob f\u00fcrs Warm-up, den Hin- oder Heimweg vom Training oder einfach f\u00fcr den Alltag \u2013 der Gymnastics Club Hoodie passt immer. Die Mischung aus Bio-Baumwolle und recyceltem Polyester sorgt f\u00fcr [&hellip;]<\/p>\n","protected":false},"featured_media":1081,"comment_status":"open","ping_status":"closed","template":"","meta":{"_uag_custom_page_level_css":"","site-sidebar-layout":"default","site-content-layout":"","ast-site-content-layout":"default","site-content-style":"default","site-sidebar-style":"default","ast-global-header-display":"","ast-banner-title-visibility":"","ast-main-header-display":"","ast-hfb-above-header-display":"","ast-hfb-below-header-display":"","ast-hfb-mobile-header-display":"","site-post-title":"","ast-breadcrumbs-content":"","ast-featured-img":"","footer-sml-layout":"","theme-transparent-header-meta":"default","adv-header-id-meta":"","stick-header-meta":"","header-above-stick-meta":"","header-main-stick-meta":"","header-below-stick-meta":"","astra-migrate-meta-layouts":"set","ast-page-background-enabled":"default","ast-page-background-meta":{"desktop":{"background-color":"var(--ast-global-color-4)","background-image":"","background-repeat":"repeat","background-position":"center center","background-size":"auto","background-attachment":"scroll","background-type":"","background-media":"","overlay-type":"","overlay-color":"","overlay-opacity":"","overlay-gradient":""},"tablet":{"background-color":"","background-image":"","background-repeat":"repeat","background-position":"center center","background-size":"auto","background-attachment":"scroll","background-type":"","background-media":"","overlay-type":"","overlay-color":"","overlay-opacity":"","overlay-gradient":""},"mobile":{"background-color":"","background-image":"","background-repeat":"repeat","background-position":"center center","background-size":"auto","background-attachment":"scroll","background-type":"","background-media":"","overlay-type":"","overlay-color":"","overlay-opacity":"","overlay-gradient":""}},"ast-content-background-meta":{"desktop":{"background-color":"var(--ast-global-color-5)","background-image":"","background-repeat":"repeat","background-position":"center center","background-size":"auto","background-attachment":"scroll","background-type":"","background-media":"","overlay-type":"","overlay-color":"","overlay-opacity":"","overlay-gradient":""},"tablet":{"background-color":"var(--ast-global-color-5)","background-image":"","background-repeat":"repeat","background-position":"center center","background-size":"auto","background-attachment":"scroll","background-type":"","background-media":"","overlay-type":"","overlay-color":"","overlay-opacity":"","overlay-gradient":""},"mobile":{"background-color":"var(--ast-global-color-5)","background-image":"","background-repeat":"repeat","background-position":"center center","background-size":"auto","background-attachment":"scroll","background-type":"","background-media":"","overlay-type":"","overlay-color":"","overlay-opacity":"","overlay-gradient":""}}},"product_brand":[],"product_cat":[63,51],"product_tag":[],"class_list":{"0":"post-1329","1":"product","2":"type-product","3":"status-publish","4":"has-post-thumbnail","6":"product_cat-structured-training","7":"product_cat-gymnastics-club","8":"product_shipping_class-schwer","9":"desktop-align-center","10":"tablet-align-center","11":"mobile-align-center","13":"first","14":"outofstock","15":"taxable","16":"shipping-taxable","17":"purchasable","18":"product-type-variable"},"aioseo_notices":[],"uagb_featured_image_src":{"full":["https:\/\/getumemes.ch\/wp-content\/uploads\/2025\/12\/Mockup_Hoodie_Weiss_Back_3-scaled.jpg",2048,2560,false],"thumbnail":["https:\/\/getumemes.ch\/wp-content\/uploads\/2025\/12\/Mockup_Hoodie_Weiss_Back_3-150x150.jpg",150,150,true],"medium":["https:\/\/getumemes.ch\/wp-content\/uploads\/2025\/12\/Mockup_Hoodie_Weiss_Back_3-240x300.jpg",240,300,true],"medium_large":["https:\/\/getumemes.ch\/wp-content\/uploads\/2025\/12\/Mockup_Hoodie_Weiss_Back_3-768x960.jpg",768,960,true],"large":["https:\/\/getumemes.ch\/wp-content\/uploads\/2025\/12\/Mockup_Hoodie_Weiss_Back_3-819x1024.jpg",819,1024,true],"1536x1536":["https:\/\/getumemes.ch\/wp-content\/uploads\/2025\/12\/Mockup_Hoodie_Weiss_Back_3-1229x1536.jpg",1229,1536,true],"2048x2048":["https:\/\/getumemes.ch\/wp-content\/uploads\/2025\/12\/Mockup_Hoodie_Weiss_Back_3-1638x2048.jpg",1638,2048,true],"trp-custom-language-flag":["https:\/\/getumemes.ch\/wp-content\/uploads\/2025\/12\/Mockup_Hoodie_Weiss_Back_3-10x12.jpg",10,12,true],"woocommerce_thumbnail":["https:\/\/getumemes.ch\/wp-content\/uploads\/2025\/12\/Mockup_Hoodie_Weiss_Back_3-300x300.jpg",300,300,true],"woocommerce_single":["https:\/\/getumemes.ch\/wp-content\/uploads\/2025\/12\/Mockup_Hoodie_Weiss_Back_3-600x750.jpg",600,750,true],"woocommerce_gallery_thumbnail":["https:\/\/getumemes.ch\/wp-content\/uploads\/2025\/12\/Mockup_Hoodie_Weiss_Back_3-100x100.jpg",100,100,true]},"uagb_author_info":{"display_name":"Jannis Sch\u00fcpbach","author_link":"https:\/\/getumemes.ch\/fr\/author\/"},"uagb_comment_info":0,"uagb_excerpt":"Ob f\u00fcrs Warm-up, den Hin- oder Heimweg vom Training oder einfach f\u00fcr den Alltag \u2013 der Gymnastics Club Hoodie passt immer. Die Mischung aus Bio-Baumwolle und recyceltem Polyester sorgt f\u00fcr [&hellip;]","_links":{"self":[{"href":"https:\/\/getumemes.ch\/fr\/wp-json\/wp\/v2\/product\/1329","targetHints":{"allow":["GET"]}}],"collection":[{"href":"https:\/\/getumemes.ch\/fr\/wp-json\/wp\/v2\/product"}],"about":[{"href":"https:\/\/getumemes.ch\/fr\/wp-json\/wp\/v2\/types\/product"}],"replies":[{"embeddable":true,"href":"https:\/\/getumemes.ch\/fr\/wp-json\/wp\/v2\/comments?post=1329"}],"wp:featuredmedia":[{"embeddable":true,"href":"https:\/\/getumemes.ch\/fr\/wp-json\/wp\/v2\/media\/1081"}],"wp:attachment":[{"href":"https:\/\/getumemes.ch\/fr\/wp-json\/wp\/v2\/media?parent=1329"}],"wp:term":[{"taxonomy":"product_brand","embeddable":true,"href":"https:\/\/getumemes.ch\/fr\/wp-json\/wp\/v2\/product_brand?post=1329"},{"taxonomy":"product_cat","embeddable":true,"href":"https:\/\/getumemes.ch\/fr\/wp-json\/wp\/v2\/product_cat?post=1329"},{"taxonomy":"product_tag","embeddable":true,"href":"https:\/\/getumemes.ch\/fr\/wp-json\/wp\/v2\/product_tag?post=1329"}],"curies":[{"name":"wp","href":"https:\/\/api.w.org\/{rel}","templated":true}]}}