{"id":1291,"date":"2025-12-24T12:00:39","date_gmt":"2025-12-24T11:00:39","guid":{"rendered":"https:\/\/getumemes.ch\/?post_type=product&#038;p=1291"},"modified":"2026-03-09T16:06:08","modified_gmt":"2026-03-09T15:06:08","slug":"structured-training-t-shirt-men","status":"publish","type":"product","link":"https:\/\/getumemes.ch\/fr\/product\/structured-training-t-shirt-men\/","title":{"rendered":"Structured Training &#8211; T-Shirt &#8211; Men"},"content":{"rendered":"<p>Notre classique pour chaque entra\u00eenement, l\u00e9ger, confortable et avec une coupe pratique.<br \/>\nLes excellents retours sur la derni\u00e8re collection nous ont convaincus de proposer \u00e0 nouveau un T-shirt.<br \/>\nLe T-shirt est compos\u00e9 \u00e0 100 % de coton biologique. Pour nous, la qualit\u00e9 est primordiale, c\u2019est pourquoi chaque pi\u00e8ce est imprim\u00e9e \u00e0 Berne avec une s\u00e9rigraphie haut de gamme.<br \/>\nRespirant, doux sur la peau et suffisamment robuste pour chaque entra\u00eenement. L\u2019impression est \u00e0 peine perceptible et id\u00e9ale aussi bien pour le sport que pour le quotidien<\/p>\n<p><strong>Mati\u00e8re<\/strong><\/p>\n<ul>\n<li>\u2060100 % coton biologique<\/li>\n<li>Jersey simple, respirant et ind\u00e9formable<\/li>\n<li>\u2060Coutures d\u2019\u00e9paules renforc\u00e9es<\/li>\n<li>Col c\u00f4tel\u00e9 fin 1\u00d71<\/li>\n<\/ul>\n<p><strong>Instructions d\u2019entretien<\/strong><\/p>\n<ul>\n<li>Lavable \u00e0 30 \u00b0C<\/li>\n<li>\u2060Ne pas blanchir<\/li>\n<li>Ne pas s\u00e9cher en machine<\/li>\n<li>\u2060Pas de nettoyage \u00e0 sec<\/li>\n<li>Nous recommandons de laver sur l\u2019envers<\/li>\n<\/ul>","protected":false},"excerpt":{"rendered":"<p>Unser Klassiker f\u00fcr jedes Training \u2013 leicht, bequem und praktisch geschnitten. Das starke Feedback zur letzten Kollektion hat uns \u00fcberzeugt, wieder ein Tshirt zu machen. Das T-Shirt besteht aus 100 [&hellip;]<\/p>\n","protected":false},"featured_media":1078,"comment_status":"open","ping_status":"closed","template":"","meta":{"_uag_custom_page_level_css":"","site-sidebar-layout":"default","site-content-layout":"","ast-site-content-layout":"default","site-content-style":"default","site-sidebar-style":"default","ast-global-header-display":"","ast-banner-title-visibility":"","ast-main-header-display":"","ast-hfb-above-header-display":"","ast-hfb-below-header-display":"","ast-hfb-mobile-header-display":"","site-post-title":"","ast-breadcrumbs-content":"","ast-featured-img":"","footer-sml-layout":"","theme-transparent-header-meta":"default","adv-header-id-meta":"","stick-header-meta":"","header-above-stick-meta":"","header-main-stick-meta":"","header-below-stick-meta":"","astra-migrate-meta-layouts":"set","ast-page-background-enabled":"default","ast-page-background-meta":{"desktop":{"background-color":"var(--ast-global-color-4)","background-image":"","background-repeat":"repeat","background-position":"center center","background-size":"auto","background-attachment":"scroll","background-type":"","background-media":"","overlay-type":"","overlay-color":"","overlay-opacity":"","overlay-gradient":""},"tablet":{"background-color":"","background-image":"","background-repeat":"repeat","background-position":"center center","background-size":"auto","background-attachment":"scroll","background-type":"","background-media":"","overlay-type":"","overlay-color":"","overlay-opacity":"","overlay-gradient":""},"mobile":{"background-color":"","background-image":"","background-repeat":"repeat","background-position":"center center","background-size":"auto","background-attachment":"scroll","background-type":"","background-media":"","overlay-type":"","overlay-color":"","overlay-opacity":"","overlay-gradient":""}},"ast-content-background-meta":{"desktop":{"background-color":"var(--ast-global-color-5)","background-image":"","background-repeat":"repeat","background-position":"center center","background-size":"auto","background-attachment":"scroll","background-type":"","background-media":"","overlay-type":"","overlay-color":"","overlay-opacity":"","overlay-gradient":""},"tablet":{"background-color":"var(--ast-global-color-5)","background-image":"","background-repeat":"repeat","background-position":"center center","background-size":"auto","background-attachment":"scroll","background-type":"","background-media":"","overlay-type":"","overlay-color":"","overlay-opacity":"","overlay-gradient":""},"mobile":{"background-color":"var(--ast-global-color-5)","background-image":"","background-repeat":"repeat","background-position":"center center","background-size":"auto","background-attachment":"scroll","background-type":"","background-media":"","overlay-type":"","overlay-color":"","overlay-opacity":"","overlay-gradient":""}}},"product_brand":[],"product_cat":[63,51],"product_tag":[],"class_list":{"0":"post-1291","1":"product","2":"type-product","3":"status-publish","4":"has-post-thumbnail","6":"product_cat-structured-training","7":"product_cat-gymnastics-club","8":"product_shipping_class-leicht","9":"desktop-align-center","10":"tablet-align-center","11":"mobile-align-center","13":"first","14":"outofstock","15":"taxable","16":"shipping-taxable","17":"purchasable","18":"product-type-variable"},"aioseo_notices":[],"uagb_featured_image_src":{"full":["https:\/\/getumemes.ch\/wp-content\/uploads\/2025\/12\/Mockup_Tshirt_Schwarz_Back_3-scaled.jpg",2048,2560,false],"thumbnail":["https:\/\/getumemes.ch\/wp-content\/uploads\/2025\/12\/Mockup_Tshirt_Schwarz_Back_3-150x150.jpg",150,150,true],"medium":["https:\/\/getumemes.ch\/wp-content\/uploads\/2025\/12\/Mockup_Tshirt_Schwarz_Back_3-240x300.jpg",240,300,true],"medium_large":["https:\/\/getumemes.ch\/wp-content\/uploads\/2025\/12\/Mockup_Tshirt_Schwarz_Back_3-768x960.jpg",768,960,true],"large":["https:\/\/getumemes.ch\/wp-content\/uploads\/2025\/12\/Mockup_Tshirt_Schwarz_Back_3-819x1024.jpg",819,1024,true],"1536x1536":["https:\/\/getumemes.ch\/wp-content\/uploads\/2025\/12\/Mockup_Tshirt_Schwarz_Back_3-1229x1536.jpg",1229,1536,true],"2048x2048":["https:\/\/getumemes.ch\/wp-content\/uploads\/2025\/12\/Mockup_Tshirt_Schwarz_Back_3-1638x2048.jpg",1638,2048,true],"trp-custom-language-flag":["https:\/\/getumemes.ch\/wp-content\/uploads\/2025\/12\/Mockup_Tshirt_Schwarz_Back_3-10x12.jpg",10,12,true],"woocommerce_thumbnail":["https:\/\/getumemes.ch\/wp-content\/uploads\/2025\/12\/Mockup_Tshirt_Schwarz_Back_3-300x300.jpg",300,300,true],"woocommerce_single":["https:\/\/getumemes.ch\/wp-content\/uploads\/2025\/12\/Mockup_Tshirt_Schwarz_Back_3-600x750.jpg",600,750,true],"woocommerce_gallery_thumbnail":["https:\/\/getumemes.ch\/wp-content\/uploads\/2025\/12\/Mockup_Tshirt_Schwarz_Back_3-100x100.jpg",100,100,true]},"uagb_author_info":{"display_name":"Jannis Sch\u00fcpbach","author_link":"https:\/\/getumemes.ch\/fr\/author\/"},"uagb_comment_info":0,"uagb_excerpt":"Unser Klassiker f\u00fcr jedes Training \u2013 leicht, bequem und praktisch geschnitten. Das starke Feedback zur letzten Kollektion hat uns \u00fcberzeugt, wieder ein Tshirt zu machen. Das T-Shirt besteht aus 100 [&hellip;]","_links":{"self":[{"href":"https:\/\/getumemes.ch\/fr\/wp-json\/wp\/v2\/product\/1291","targetHints":{"allow":["GET"]}}],"collection":[{"href":"https:\/\/getumemes.ch\/fr\/wp-json\/wp\/v2\/product"}],"about":[{"href":"https:\/\/getumemes.ch\/fr\/wp-json\/wp\/v2\/types\/product"}],"replies":[{"embeddable":true,"href":"https:\/\/getumemes.ch\/fr\/wp-json\/wp\/v2\/comments?post=1291"}],"wp:featuredmedia":[{"embeddable":true,"href":"https:\/\/getumemes.ch\/fr\/wp-json\/wp\/v2\/media\/1078"}],"wp:attachment":[{"href":"https:\/\/getumemes.ch\/fr\/wp-json\/wp\/v2\/media?parent=1291"}],"wp:term":[{"taxonomy":"product_brand","embeddable":true,"href":"https:\/\/getumemes.ch\/fr\/wp-json\/wp\/v2\/product_brand?post=1291"},{"taxonomy":"product_cat","embeddable":true,"href":"https:\/\/getumemes.ch\/fr\/wp-json\/wp\/v2\/product_cat?post=1291"},{"taxonomy":"product_tag","embeddable":true,"href":"https:\/\/getumemes.ch\/fr\/wp-json\/wp\/v2\/product_tag?post=1291"}],"curies":[{"name":"wp","href":"https:\/\/api.w.org\/{rel}","templated":true}]}}