{"id":1272,"date":"2025-12-24T12:00:13","date_gmt":"2025-12-24T11:00:13","guid":{"rendered":"https:\/\/getumemes.ch\/?post_type=product&#038;p=1272"},"modified":"2026-03-09T16:06:08","modified_gmt":"2026-03-09T15:06:08","slug":"competition-long-sleeve","status":"publish","type":"product","link":"https:\/\/getumemes.ch\/fr\/product\/competition-long-sleeve\/","title":{"rendered":"Competition &#8211; Long Sleeve"},"content":{"rendered":"<p>Lorsque les temp\u00e9ratures baissent, le focus reste intact \u2013 avec le Gymnastics Club Long Sleeve.<br \/>\nConfectionn\u00e9 en coton biologique de haute qualit\u00e9, il offre une chaleur agr\u00e9able et une grande libert\u00e9 de mouvement \u00e0 l\u2019entra\u00eenement.<br \/>\nSa coupe en fait \u00e9galement un compagnon id\u00e9al au quotidien.<br \/>\nChaque pi\u00e8ce est imprim\u00e9e \u00e0 la main \u00e0 Berne en s\u00e9rigraphie \u2013 robuste, pr\u00e9cise et d\u2019une qualit\u00e9 visible.<\/p>\n<p><strong>Mati\u00e8re<\/strong><\/p>\n<ul>\n<li>\u2060100 % coton biologique, peign\u00e9 et fil\u00e9 \u00e0 l\u2019anneau<\/li>\n<li>Manches mont\u00e9es (set-in sleeves) au col et aux poignets<\/li>\n<li>Bande de propret\u00e9 int\u00e9rieure au niveau du cou, dans le m\u00eame tissu<\/li>\n<\/ul>\n<p><strong>Instructions d\u2019entretien<\/strong><\/p>\n<ul>\n<li>Lavable \u00e0 30 \u00b0C<\/li>\n<li>\u2060Ne pas blanchir<\/li>\n<li>Ne pas s\u00e9cher en machine<\/li>\n<li>\u2060Pas de nettoyage \u00e0 sec<\/li>\n<li>Nous recommandons de laver sur l\u2019envers<\/li>\n<\/ul>","protected":false},"excerpt":{"rendered":"<p>Wenn die Temperaturen sinken, bleibt der Fokus \u2013 mit dem Gymnastics Club Long Sleeve. Gefertigt aus hochwertiger Bio-Baumwolle bietet es angenehme W\u00e4rme und Bewegungsfreiheit beim Training. Der Schnitt macht es [&hellip;]<\/p>\n","protected":false},"featured_media":1076,"comment_status":"open","ping_status":"closed","template":"","meta":{"_uag_custom_page_level_css":"","site-sidebar-layout":"default","site-content-layout":"","ast-site-content-layout":"default","site-content-style":"default","site-sidebar-style":"default","ast-global-header-display":"","ast-banner-title-visibility":"","ast-main-header-display":"","ast-hfb-above-header-display":"","ast-hfb-below-header-display":"","ast-hfb-mobile-header-display":"","site-post-title":"","ast-breadcrumbs-content":"","ast-featured-img":"","footer-sml-layout":"","theme-transparent-header-meta":"default","adv-header-id-meta":"","stick-header-meta":"","header-above-stick-meta":"","header-main-stick-meta":"","header-below-stick-meta":"","astra-migrate-meta-layouts":"set","ast-page-background-enabled":"default","ast-page-background-meta":{"desktop":{"background-color":"var(--ast-global-color-4)","background-image":"","background-repeat":"repeat","background-position":"center center","background-size":"auto","background-attachment":"scroll","background-type":"","background-media":"","overlay-type":"","overlay-color":"","overlay-opacity":"","overlay-gradient":""},"tablet":{"background-color":"","background-image":"","background-repeat":"repeat","background-position":"center center","background-size":"auto","background-attachment":"scroll","background-type":"","background-media":"","overlay-type":"","overlay-color":"","overlay-opacity":"","overlay-gradient":""},"mobile":{"background-color":"","background-image":"","background-repeat":"repeat","background-position":"center center","background-size":"auto","background-attachment":"scroll","background-type":"","background-media":"","overlay-type":"","overlay-color":"","overlay-opacity":"","overlay-gradient":""}},"ast-content-background-meta":{"desktop":{"background-color":"var(--ast-global-color-5)","background-image":"","background-repeat":"repeat","background-position":"center center","background-size":"auto","background-attachment":"scroll","background-type":"","background-media":"","overlay-type":"","overlay-color":"","overlay-opacity":"","overlay-gradient":""},"tablet":{"background-color":"var(--ast-global-color-5)","background-image":"","background-repeat":"repeat","background-position":"center center","background-size":"auto","background-attachment":"scroll","background-type":"","background-media":"","overlay-type":"","overlay-color":"","overlay-opacity":"","overlay-gradient":""},"mobile":{"background-color":"var(--ast-global-color-5)","background-image":"","background-repeat":"repeat","background-position":"center center","background-size":"auto","background-attachment":"scroll","background-type":"","background-media":"","overlay-type":"","overlay-color":"","overlay-opacity":"","overlay-gradient":""}}},"product_brand":[],"product_cat":[65,51],"product_tag":[],"class_list":{"0":"post-1272","1":"product","2":"type-product","3":"status-publish","4":"has-post-thumbnail","6":"product_cat-competition","7":"product_cat-gymnastics-club","8":"product_shipping_class-mittel","9":"desktop-align-center","10":"tablet-align-center","11":"mobile-align-center","13":"first","14":"outofstock","15":"taxable","16":"shipping-taxable","17":"purchasable","18":"product-type-variable"},"aioseo_notices":[],"uagb_featured_image_src":{"full":["https:\/\/getumemes.ch\/wp-content\/uploads\/2025\/12\/Mockup_Longsleeve_Schwarz_Back_2-scaled.jpg",2048,2560,false],"thumbnail":["https:\/\/getumemes.ch\/wp-content\/uploads\/2025\/12\/Mockup_Longsleeve_Schwarz_Back_2-150x150.jpg",150,150,true],"medium":["https:\/\/getumemes.ch\/wp-content\/uploads\/2025\/12\/Mockup_Longsleeve_Schwarz_Back_2-240x300.jpg",240,300,true],"medium_large":["https:\/\/getumemes.ch\/wp-content\/uploads\/2025\/12\/Mockup_Longsleeve_Schwarz_Back_2-768x960.jpg",768,960,true],"large":["https:\/\/getumemes.ch\/wp-content\/uploads\/2025\/12\/Mockup_Longsleeve_Schwarz_Back_2-819x1024.jpg",819,1024,true],"1536x1536":["https:\/\/getumemes.ch\/wp-content\/uploads\/2025\/12\/Mockup_Longsleeve_Schwarz_Back_2-1229x1536.jpg",1229,1536,true],"2048x2048":["https:\/\/getumemes.ch\/wp-content\/uploads\/2025\/12\/Mockup_Longsleeve_Schwarz_Back_2-1638x2048.jpg",1638,2048,true],"trp-custom-language-flag":["https:\/\/getumemes.ch\/wp-content\/uploads\/2025\/12\/Mockup_Longsleeve_Schwarz_Back_2-10x12.jpg",10,12,true],"woocommerce_thumbnail":["https:\/\/getumemes.ch\/wp-content\/uploads\/2025\/12\/Mockup_Longsleeve_Schwarz_Back_2-300x300.jpg",300,300,true],"woocommerce_single":["https:\/\/getumemes.ch\/wp-content\/uploads\/2025\/12\/Mockup_Longsleeve_Schwarz_Back_2-600x750.jpg",600,750,true],"woocommerce_gallery_thumbnail":["https:\/\/getumemes.ch\/wp-content\/uploads\/2025\/12\/Mockup_Longsleeve_Schwarz_Back_2-100x100.jpg",100,100,true]},"uagb_author_info":{"display_name":"Jannis Sch\u00fcpbach","author_link":"https:\/\/getumemes.ch\/fr\/author\/"},"uagb_comment_info":0,"uagb_excerpt":"Wenn die Temperaturen sinken, bleibt der Fokus \u2013 mit dem Gymnastics Club Long Sleeve. Gefertigt aus hochwertiger Bio-Baumwolle bietet es angenehme W\u00e4rme und Bewegungsfreiheit beim Training. Der Schnitt macht es [&hellip;]","_links":{"self":[{"href":"https:\/\/getumemes.ch\/fr\/wp-json\/wp\/v2\/product\/1272","targetHints":{"allow":["GET"]}}],"collection":[{"href":"https:\/\/getumemes.ch\/fr\/wp-json\/wp\/v2\/product"}],"about":[{"href":"https:\/\/getumemes.ch\/fr\/wp-json\/wp\/v2\/types\/product"}],"replies":[{"embeddable":true,"href":"https:\/\/getumemes.ch\/fr\/wp-json\/wp\/v2\/comments?post=1272"}],"wp:featuredmedia":[{"embeddable":true,"href":"https:\/\/getumemes.ch\/fr\/wp-json\/wp\/v2\/media\/1076"}],"wp:attachment":[{"href":"https:\/\/getumemes.ch\/fr\/wp-json\/wp\/v2\/media?parent=1272"}],"wp:term":[{"taxonomy":"product_brand","embeddable":true,"href":"https:\/\/getumemes.ch\/fr\/wp-json\/wp\/v2\/product_brand?post=1272"},{"taxonomy":"product_cat","embeddable":true,"href":"https:\/\/getumemes.ch\/fr\/wp-json\/wp\/v2\/product_cat?post=1272"},{"taxonomy":"product_tag","embeddable":true,"href":"https:\/\/getumemes.ch\/fr\/wp-json\/wp\/v2\/product_tag?post=1272"}],"curies":[{"name":"wp","href":"https:\/\/api.w.org\/{rel}","templated":true}]}}